{"id":5102,"date":"2023-08-23T01:16:03","date_gmt":"2023-08-23T01:16:03","guid":{"rendered":"https:\/\/frigochef.com.mx\/cuautitlan\/producto\/refrigerador-comercial-17-pies-tvc17-b1\/"},"modified":"2026-03-05T17:21:24","modified_gmt":"2026-03-05T23:21:24","slug":"refrigerador-comercial-17-pies-tvc17-b1","status":"publish","type":"product","link":"https:\/\/frigochef.com.mx\/cuautitlan\/producto\/refrigerador-comercial-17-pies-tvc17-b1\/","title":{"rendered":"REFRIGERADOR COMERCIAL 17 PIES TVC17-B1"},"content":{"rendered":"<h2>REFRIGERADOR COMERCIAL 17 PIES <span style=\"color: #ff0000;\">TVC17-B1<\/span><\/h2>\n<p><strong>Descargables<\/strong><br \/>\n<a href=\"https:\/\/frigochef.com.mx\/cuautitlan\/wp-content\/uploads\/2024\/06\/TVC17-B1-manualdeusuario.pdf\" target=\"_blank\" rel=\"noopener\">Manual de usuario<\/a><br \/>\n<a href=\"https:\/\/frigochef.com.mx\/cuautitlan\/wp-content\/uploads\/2024\/06\/TVC17-B1-fichatecnica.pdf\" target=\"_blank\" rel=\"noopener\">Ficha Tecnica<\/a><br \/>\n<a href=\"https:\/\/frigochef.com.mx\/cuautitlan\/wp-content\/uploads\/2024\/06\/TVC17-B1-explosionado.pdf\" target=\"_blank\" rel=\"noopener\">Explosionado<\/a><\/p>\n","protected":false},"excerpt":{"rendered":"<h3>Refrigerador refresquero vertical de <span style=\"color: #ff0000;\">17 pies3<\/span><\/h3>\n<p>Puerta de cristal de alta eficiencia t\u00e9rmica y cierre autom\u00e1tico, parrillas de alambre e iluminaci\u00f3n LED de alta intensidad.<\/p>\n<ul>\n<li>Rango de temperatura: 0\u00b0C a 7\u00b0C<\/li>\n<li>Puerta con gas arg\u00f3n entre cristales y pel\u00edcula Low-E<\/li>\n<li><strong>3 parrillas<\/strong> de alambre reforzados<\/li>\n<li>Control digital inteligente de temperatura<\/li>\n<li><strong>Disponible en color blanco y negro<\/strong><\/li>\n<\/ul>\n","protected":false},"featured_media":18873,"template":"","meta":{"site-sidebar-layout":"default","site-content-layout":"default","ast-site-content-layout":"default","site-content-style":"default","site-sidebar-style":"default","ast-global-header-display":"","ast-banner-title-visibility":"","ast-main-header-display":"","ast-hfb-above-header-display":"","ast-hfb-below-header-display":"","ast-hfb-mobile-header-display":"","site-post-title":"","ast-breadcrumbs-content":"","ast-featured-img":"","footer-sml-layout":"","theme-transparent-header-meta":"default","adv-header-id-meta":"","stick-header-meta":"","header-above-stick-meta":"","header-main-stick-meta":"","header-below-stick-meta":"","astra-migrate-meta-layouts":"default","ast-page-background-enabled":"default","ast-page-background-meta":{"desktop":{"background-color":"var(--ast-global-color-4)","background-image":"","background-repeat":"repeat","background-position":"center center","background-size":"auto","background-attachment":"scroll","background-type":"","background-media":"","overlay-type":"","overlay-color":"","overlay-opacity":"","overlay-gradient":""},"tablet":{"background-color":"","background-image":"","background-repeat":"repeat","background-position":"center center","background-size":"auto","background-attachment":"scroll","background-type":"","background-media":"","overlay-type":"","overlay-color":"","overlay-opacity":"","overlay-gradient":""},"mobile":{"background-color":"","background-image":"","background-repeat":"repeat","background-position":"center center","background-size":"auto","background-attachment":"scroll","background-type":"","background-media":"","overlay-type":"","overlay-color":"","overlay-opacity":"","overlay-gradient":""}},"ast-content-background-meta":{"desktop":{"background-color":"var(--ast-global-color-5)","background-image":"","background-repeat":"repeat","background-position":"center center","background-size":"auto","background-attachment":"scroll","background-type":"","background-media":"","overlay-type":"","overlay-color":"","overlay-opacity":"","overlay-gradient":""},"tablet":{"background-color":"var(--ast-global-color-5)","background-image":"","background-repeat":"repeat","background-position":"center center","background-size":"auto","background-attachment":"scroll","background-type":"","background-media":"","overlay-type":"","overlay-color":"","overlay-opacity":"","overlay-gradient":""},"mobile":{"background-color":"var(--ast-global-color-5)","background-image":"","background-repeat":"repeat","background-position":"center center","background-size":"auto","background-attachment":"scroll","background-type":"","background-media":"","overlay-type":"","overlay-color":"","overlay-opacity":"","overlay-gradient":""}}},"product_brand":[],"product_cat":[285,324],"product_tag":[2359,2360,67,2361],"class_list":{"0":"post-5102","1":"product","2":"type-product","3":"status-publish","4":"has-post-thumbnail","6":"product_cat-conservacion","7":"product_cat-refrigeradores-comerciales-conservacion","8":"product_tag-17-pies","9":"product_tag-refrigerador-comercial","10":"product_tag-refrigeradores-comerciales","11":"product_tag-tvc17-b1","12":"desktop-align-left","13":"tablet-align-left","14":"mobile-align-left","16":"first","17":"instock","18":"purchasable","19":"product-type-simple"},"yoast_head":"<!-- This site is optimized with the Yoast SEO Premium plugin v22.0 (Yoast SEO v22.0) - https:\/\/yoast.com\/wordpress\/plugins\/seo\/ -->\n<title>REFRIGERADOR COMERCIAL 17 PIES TVC17-B1<\/title>\n<meta name=\"description\" content=\"Refrigerador refresquero vertical de 17 pies3Puerta de cristal de alta eficiencia t\u00e9rmica y cierre autom\u00e1tico\" \/>\n<meta name=\"robots\" content=\"index, follow, max-snippet:-1, max-image-preview:large, max-video-preview:-1\" \/>\n<link rel=\"canonical\" href=\"https:\/\/frigochef.com.mx\/cuautitlan\/producto\/refrigerador-comercial-17-pies-tvc17-b1\/\" \/>\n<meta property=\"og:locale\" content=\"es_MX\" \/>\n<meta property=\"og:type\" content=\"article\" \/>\n<meta property=\"og:title\" content=\"REFRIGERADOR COMERCIAL 17 PIES TVC17-B1\" \/>\n<meta property=\"og:description\" content=\"Refrigerador refresquero vertical de 17 pies3Puerta de cristal de alta eficiencia t\u00e9rmica y cierre autom\u00e1tico\" \/>\n<meta property=\"og:url\" content=\"https:\/\/frigochef.com.mx\/cuautitlan\/producto\/refrigerador-comercial-17-pies-tvc17-b1\/\" \/>\n<meta property=\"og:site_name\" content=\"Distribuidor Autorizado Torrey Cuautitl\u00e1n\" \/>\n<meta property=\"article:publisher\" content=\"https:\/\/facebook.com\/frigochef.com.mx\" \/>\n<meta property=\"article:modified_time\" content=\"2026-03-05T23:21:24+00:00\" \/>\n<meta property=\"og:image\" content=\"https:\/\/frigochef.com.mx\/cuautitlan\/wp-content\/uploads\/2024\/09\/TVC17.jpg\" \/>\n\t<meta property=\"og:image:width\" content=\"800\" \/>\n\t<meta property=\"og:image:height\" content=\"800\" \/>\n\t<meta property=\"og:image:type\" content=\"image\/jpeg\" \/>\n<meta name=\"twitter:card\" content=\"summary_large_image\" \/>\n<meta name=\"twitter:title\" content=\"REFRIGERADOR COMERCIAL 17 PIES TVC17-B1\" \/>\n<meta name=\"twitter:description\" content=\"REFRIGERADOR COMERCIAL 17 PIES TVC17-B1 - Distribuidor Autorizado Torrey Cuautitl\u00e1n\" \/>\n<meta name=\"twitter:label1\" content=\"Tiempo de lectura\" \/>\n\t<meta name=\"twitter:data1\" content=\"2 minutos\" \/>\n<script type=\"application\/ld+json\" class=\"yoast-schema-graph\">{\"@context\":\"https:\/\/schema.org\",\"@graph\":[{\"@type\":\"WebPage\",\"@id\":\"https:\/\/frigochef.com.mx\/cuautitlan\/producto\/refrigerador-comercial-17-pies-tvc17-b1\/\",\"url\":\"https:\/\/frigochef.com.mx\/cuautitlan\/producto\/refrigerador-comercial-17-pies-tvc17-b1\/\",\"name\":\"REFRIGERADOR COMERCIAL 17 PIES TVC17-B1\",\"isPartOf\":{\"@id\":\"https:\/\/frigochef.com.mx\/cuautitlan\/#website\"},\"datePublished\":\"2023-08-23T01:16:03+00:00\",\"dateModified\":\"2026-03-05T23:21:24+00:00\",\"description\":\"Refrigerador refresquero vertical de 17 pies3Puerta de cristal de alta eficiencia t\u00e9rmica y cierre autom\u00e1tico\",\"breadcrumb\":{\"@id\":\"https:\/\/frigochef.com.mx\/cuautitlan\/producto\/refrigerador-comercial-17-pies-tvc17-b1\/#breadcrumb\"},\"inLanguage\":\"es\",\"potentialAction\":[{\"@type\":\"ReadAction\",\"target\":[\"https:\/\/frigochef.com.mx\/cuautitlan\/producto\/refrigerador-comercial-17-pies-tvc17-b1\/\"]}]},{\"@type\":\"BreadcrumbList\",\"@id\":\"https:\/\/frigochef.com.mx\/cuautitlan\/producto\/refrigerador-comercial-17-pies-tvc17-b1\/#breadcrumb\",\"itemListElement\":[{\"@type\":\"ListItem\",\"position\":1,\"name\":\"Portada\",\"item\":\"https:\/\/frigochef.com.mx\/cuautitlan\/\"},{\"@type\":\"ListItem\",\"position\":2,\"name\":\"Tienda\",\"item\":\"https:\/\/frigochef.com.mx\/cuautitlan\/tienda-torrey\/\"},{\"@type\":\"ListItem\",\"position\":3,\"name\":\"REFRIGERADOR COMERCIAL, 17 PIES, TVC17-B1\"}]},{\"@type\":\"WebSite\",\"@id\":\"https:\/\/frigochef.com.mx\/cuautitlan\/#website\",\"url\":\"https:\/\/frigochef.com.mx\/cuautitlan\/\",\"name\":\"Distribuidor Autorizado Torrey Cuautitl\u00e1n\",\"description\":\"Basculas, molinos, refrigeradores, rebanadoras, sierras, vitrinas, congeladores Torrey Cuautitl\u00e1n\",\"publisher\":{\"@id\":\"https:\/\/frigochef.com.mx\/cuautitlan\/#organization\"},\"alternateName\":\"Equipos Torrey M\u00e9xico\",\"potentialAction\":[{\"@type\":\"SearchAction\",\"target\":{\"@type\":\"EntryPoint\",\"urlTemplate\":\"https:\/\/frigochef.com.mx\/cuautitlan\/?s={search_term_string}\"},\"query-input\":\"required name=search_term_string\"}],\"inLanguage\":\"es\"},{\"@type\":\"Organization\",\"@id\":\"https:\/\/frigochef.com.mx\/cuautitlan\/#organization\",\"name\":\"Venta de equipos y productos Torrey Migsa International Mibrasa Universal Polar en M\u00e9xico\",\"alternateName\":\"Equipos Torrey M\u00e9xico\",\"url\":\"https:\/\/frigochef.com.mx\/cuautitlan\/\",\"logo\":{\"@type\":\"ImageObject\",\"inLanguage\":\"es\",\"@id\":\"https:\/\/frigochef.com.mx\/cuautitlan\/#\/schema\/logo\/image\/\",\"url\":\"https:\/\/frigochef.com.mx\/cuautitlan\/wp-content\/uploads\/2023\/08\/frigochef-torrey-autorizado-mexico-.png\",\"contentUrl\":\"https:\/\/frigochef.com.mx\/cuautitlan\/wp-content\/uploads\/2023\/08\/frigochef-torrey-autorizado-mexico-.png\",\"width\":350,\"height\":330,\"caption\":\"Venta de equipos y productos Torrey Migsa International Mibrasa Universal Polar en M\u00e9xico\"},\"image\":{\"@id\":\"https:\/\/frigochef.com.mx\/cuautitlan\/#\/schema\/logo\/image\/\"},\"sameAs\":[\"https:\/\/facebook.com\/frigochef.com.mx\"],\"description\":\"Equipos Torrey, refrigeraci\u00f3n, pesaje, cocci\u00f3n, procesamiento de alimentos, snack, refrigeradores, vitrinas cremeras, vitrinas carniceras, congeladores horizontales, b\u00e1sculas, molinos, rebanadoras.\",\"email\":\"info123@frigochef.com.mx\",\"telephone\":\"55-5207-7032\",\"legalName\":\"Frigochef Torrey M\u00e9xico\"}]}<\/script>\n<!-- \/ Yoast SEO Premium plugin. -->","yoast_head_json":{"title":"REFRIGERADOR COMERCIAL 17 PIES TVC17-B1","description":"Refrigerador refresquero vertical de 17 pies3Puerta de cristal de alta eficiencia t\u00e9rmica y cierre autom\u00e1tico","robots":{"index":"index","follow":"follow","max-snippet":"max-snippet:-1","max-image-preview":"max-image-preview:large","max-video-preview":"max-video-preview:-1"},"canonical":"https:\/\/frigochef.com.mx\/cuautitlan\/producto\/refrigerador-comercial-17-pies-tvc17-b1\/","og_locale":"es_MX","og_type":"article","og_title":"REFRIGERADOR COMERCIAL 17 PIES TVC17-B1","og_description":"Refrigerador refresquero vertical de 17 pies3Puerta de cristal de alta eficiencia t\u00e9rmica y cierre autom\u00e1tico","og_url":"https:\/\/frigochef.com.mx\/cuautitlan\/producto\/refrigerador-comercial-17-pies-tvc17-b1\/","og_site_name":"Distribuidor Autorizado Torrey Cuautitl\u00e1n","article_publisher":"https:\/\/facebook.com\/frigochef.com.mx","article_modified_time":"2026-03-05T23:21:24+00:00","og_image":[{"width":800,"height":800,"url":"https:\/\/frigochef.com.mx\/cuautitlan\/wp-content\/uploads\/2024\/09\/TVC17.jpg","type":"image\/jpeg"}],"twitter_card":"summary_large_image","twitter_title":"REFRIGERADOR COMERCIAL 17 PIES TVC17-B1","twitter_description":"REFRIGERADOR COMERCIAL 17 PIES TVC17-B1 - Distribuidor Autorizado Torrey Cuautitl\u00e1n","twitter_misc":{"Tiempo de lectura":"2 minutos"},"schema":{"@context":"https:\/\/schema.org","@graph":[{"@type":"WebPage","@id":"https:\/\/frigochef.com.mx\/cuautitlan\/producto\/refrigerador-comercial-17-pies-tvc17-b1\/","url":"https:\/\/frigochef.com.mx\/cuautitlan\/producto\/refrigerador-comercial-17-pies-tvc17-b1\/","name":"REFRIGERADOR COMERCIAL 17 PIES TVC17-B1","isPartOf":{"@id":"https:\/\/frigochef.com.mx\/cuautitlan\/#website"},"datePublished":"2023-08-23T01:16:03+00:00","dateModified":"2026-03-05T23:21:24+00:00","description":"Refrigerador refresquero vertical de 17 pies3Puerta de cristal de alta eficiencia t\u00e9rmica y cierre autom\u00e1tico","breadcrumb":{"@id":"https:\/\/frigochef.com.mx\/cuautitlan\/producto\/refrigerador-comercial-17-pies-tvc17-b1\/#breadcrumb"},"inLanguage":"es","potentialAction":[{"@type":"ReadAction","target":["https:\/\/frigochef.com.mx\/cuautitlan\/producto\/refrigerador-comercial-17-pies-tvc17-b1\/"]}]},{"@type":"BreadcrumbList","@id":"https:\/\/frigochef.com.mx\/cuautitlan\/producto\/refrigerador-comercial-17-pies-tvc17-b1\/#breadcrumb","itemListElement":[{"@type":"ListItem","position":1,"name":"Portada","item":"https:\/\/frigochef.com.mx\/cuautitlan\/"},{"@type":"ListItem","position":2,"name":"Tienda","item":"https:\/\/frigochef.com.mx\/cuautitlan\/tienda-torrey\/"},{"@type":"ListItem","position":3,"name":"REFRIGERADOR COMERCIAL, 17 PIES, TVC17-B1"}]},{"@type":"WebSite","@id":"https:\/\/frigochef.com.mx\/cuautitlan\/#website","url":"https:\/\/frigochef.com.mx\/cuautitlan\/","name":"Distribuidor Autorizado Torrey Cuautitl\u00e1n","description":"Basculas, molinos, refrigeradores, rebanadoras, sierras, vitrinas, congeladores Torrey Cuautitl\u00e1n","publisher":{"@id":"https:\/\/frigochef.com.mx\/cuautitlan\/#organization"},"alternateName":"Equipos Torrey M\u00e9xico","potentialAction":[{"@type":"SearchAction","target":{"@type":"EntryPoint","urlTemplate":"https:\/\/frigochef.com.mx\/cuautitlan\/?s={search_term_string}"},"query-input":"required name=search_term_string"}],"inLanguage":"es"},{"@type":"Organization","@id":"https:\/\/frigochef.com.mx\/cuautitlan\/#organization","name":"Venta de equipos y productos Torrey Migsa International Mibrasa Universal Polar en M\u00e9xico","alternateName":"Equipos Torrey M\u00e9xico","url":"https:\/\/frigochef.com.mx\/cuautitlan\/","logo":{"@type":"ImageObject","inLanguage":"es","@id":"https:\/\/frigochef.com.mx\/cuautitlan\/#\/schema\/logo\/image\/","url":"https:\/\/frigochef.com.mx\/cuautitlan\/wp-content\/uploads\/2023\/08\/frigochef-torrey-autorizado-mexico-.png","contentUrl":"https:\/\/frigochef.com.mx\/cuautitlan\/wp-content\/uploads\/2023\/08\/frigochef-torrey-autorizado-mexico-.png","width":350,"height":330,"caption":"Venta de equipos y productos Torrey Migsa International Mibrasa Universal Polar en M\u00e9xico"},"image":{"@id":"https:\/\/frigochef.com.mx\/cuautitlan\/#\/schema\/logo\/image\/"},"sameAs":["https:\/\/facebook.com\/frigochef.com.mx"],"description":"Equipos Torrey, refrigeraci\u00f3n, pesaje, cocci\u00f3n, procesamiento de alimentos, snack, refrigeradores, vitrinas cremeras, vitrinas carniceras, congeladores horizontales, b\u00e1sculas, molinos, rebanadoras.","email":"info123@frigochef.com.mx","telephone":"55-5207-7032","legalName":"Frigochef Torrey M\u00e9xico"}]}},"_links":{"self":[{"href":"https:\/\/frigochef.com.mx\/cuautitlan\/wp-json\/wp\/v2\/product\/5102","targetHints":{"allow":["GET"]}}],"collection":[{"href":"https:\/\/frigochef.com.mx\/cuautitlan\/wp-json\/wp\/v2\/product"}],"about":[{"href":"https:\/\/frigochef.com.mx\/cuautitlan\/wp-json\/wp\/v2\/types\/product"}],"wp:featuredmedia":[{"embeddable":true,"href":"https:\/\/frigochef.com.mx\/cuautitlan\/wp-json\/wp\/v2\/media\/18873"}],"wp:attachment":[{"href":"https:\/\/frigochef.com.mx\/cuautitlan\/wp-json\/wp\/v2\/media?parent=5102"}],"wp:term":[{"taxonomy":"product_brand","embeddable":true,"href":"https:\/\/frigochef.com.mx\/cuautitlan\/wp-json\/wp\/v2\/product_brand?post=5102"},{"taxonomy":"product_cat","embeddable":true,"href":"https:\/\/frigochef.com.mx\/cuautitlan\/wp-json\/wp\/v2\/product_cat?post=5102"},{"taxonomy":"product_tag","embeddable":true,"href":"https:\/\/frigochef.com.mx\/cuautitlan\/wp-json\/wp\/v2\/product_tag?post=5102"}],"curies":[{"name":"wp","href":"https:\/\/api.w.org\/{rel}","templated":true}]}}